{"id":265,"date":"2025-11-19T10:57:47","date_gmt":"2025-11-19T10:57:47","guid":{"rendered":"https:\/\/villa-orebic.com\/?page_id=265"},"modified":"2025-11-19T11:56:13","modified_gmt":"2025-11-19T11:56:13","slug":"impressum","status":"publish","type":"page","link":"https:\/\/villa-orebic.com\/en\/impressum\/","title":{"rendered":"Imprint"},"content":{"rendered":"<div data-elementor-type=\"wp-page\" data-elementor-id=\"265\" class=\"elementor elementor-265\" data-elementor-post-type=\"page\">\n\t\t\t\t<div class=\"elementor-element elementor-element-f26c1cc e-flex e-con-boxed e-con e-parent\" data-id=\"f26c1cc\" data-element_type=\"container\" data-settings=\"{&quot;background_background&quot;:&quot;classic&quot;}\">\n\t\t\t\t\t<div class=\"e-con-inner\">\n\t\t\t\t<div class=\"elementor-element elementor-element-903209e elementor-widget__width-auto elementor-absolute e-transform elementor-widget-divider--view-line elementor-widget elementor-widget-divider\" data-id=\"903209e\" data-element_type=\"widget\" data-settings=\"{&quot;_position&quot;:&quot;absolute&quot;,&quot;_transform_rotateZ_effect&quot;:{&quot;unit&quot;:&quot;px&quot;,&quot;size&quot;:90,&quot;sizes&quot;:[]},&quot;_transform_rotateZ_effect_tablet&quot;:{&quot;unit&quot;:&quot;deg&quot;,&quot;size&quot;:&quot;&quot;,&quot;sizes&quot;:[]},&quot;_transform_rotateZ_effect_mobile&quot;:{&quot;unit&quot;:&quot;deg&quot;,&quot;size&quot;:&quot;&quot;,&quot;sizes&quot;:[]}}\" data-widget_type=\"divider.default\">\n\t\t\t\t\t\t\t<div class=\"elementor-divider\">\n\t\t\t<span class=\"elementor-divider-separator\">\n\t\t\t\t\t\t<\/span>\n\t\t<\/div>\n\t\t\t\t\t\t<\/div>\n\t\t\t\t<div class=\"elementor-element elementor-element-a9f0021 elementor-widget elementor-widget-image\" data-id=\"a9f0021\" data-element_type=\"widget\" data-widget_type=\"image.default\">\n\t\t\t\t\t\t\t\t\t\t\t\t\t\t\t\t<a href=\"https:\/\/villa-orebic.com\/en\/\">\n\t\t\t\t\t\t\t<img decoding=\"async\" width=\"100\" height=\"100\" src=\"https:\/\/villa-orebic.com\/wp-content\/uploads\/2025\/11\/villa-aura-logo.svg\" class=\"attachment-full size-full wp-image-189\" alt=\"Villa Aura Logo\" title=\"Imprint\">\t\t\t\t\t\t\t\t<\/a>\n\t\t\t\t\t\t\t\t\t\t\t\t\t\t\t<\/div>\n\t\t\t\t<div class=\"elementor-element elementor-element-7fc2723 elementor-invisible elementor-widget elementor-widget-heading\" data-id=\"7fc2723\" data-element_type=\"widget\" data-settings=\"{&quot;_animation&quot;:&quot;fadeInUp&quot;,&quot;_animation_delay&quot;:&quot;200&quot;}\" data-widget_type=\"heading.default\">\n\t\t\t\t\t<h6 class=\"elementor-heading-title elementor-size-default\">Impressions<\/h6>\t\t\t\t<\/div>\n\t\t\t\t<div class=\"elementor-element elementor-element-d5e4be7 elementor-widget__width-initial elementor-widget-mobile__width-inherit  ui-split-animate ui-splitby-lines elementor-widget-tablet__width-initial elementor-widget elementor-widget-heading\" data-id=\"d5e4be7\" data-element_type=\"widget\" data-settings=\"{&quot;ui_animate_split&quot;:&quot;ui-split-animate&quot;,&quot;ui_animate_split_by&quot;:&quot;lines&quot;,&quot;ui_animate_split_style&quot;:&quot;fadeInUp blur&quot;}\" data-widget_type=\"heading.default\">\n\t\t\t\t\t<h1 class=\"elementor-heading-title elementor-size-default\">Imprint<\/h1>\t\t\t\t<\/div>\n\t\t\t\t<div class=\"elementor-element elementor-element-ad1738c elementor-widget elementor-widget-text-editor\" data-id=\"ad1738c\" data-element_type=\"widget\" data-widget_type=\"text-editor.default\">\n\t\t\t\t\t\t\t\t\t<p><strong>Information according to \u00a7 5 TMG<\/strong><br \/><br \/>Oanh Thi-Dinh Katava &amp; Mario Katava<br \/><br \/>Put Podvlastica 11a<br \/><br \/>20250 Orebi\u0107, Stankovi\u0107<br \/><br \/>Croatia<br \/><br \/>Contact:<br \/><br \/>Phone: <a href=\"tel:+385 99 8443 659\">+385 99 8443 659<\/a><br \/><br \/>Email: mario@villa-orebic.com<br \/><br \/>Authorized representatives:<br \/><br \/>Oanh Thi-Dinh Katava &amp; Mario Katava<br \/><br \/>Responsible for content pursuant to \u00a7 55 (2) RStV:<br \/><br \/>Oanh Thi-Dinh Katava &amp; Mario Katava<br \/><br \/>Put Podvlastica 11a<br \/><br \/>20250 Orebi\u0107, Stankovi\u0107, Croatia<br \/><br \/>Disclaimer<br \/><br \/>Liability for content<br \/><br \/>The contents of our pages were created with the greatest care. However, we cannot guarantee the accuracy, completeness, or timeliness of the contents.<br \/><br \/>Liability for links<br \/><br \/>Our offer contains links to external third-party websites, the contents of which we have no influence over. Therefore, we cannot assume any liability for these external contents. The respective provider or operator of the linked pages is always responsible for their content.<br \/><br \/>Copyright<br \/><br \/>The content and works created by the site operators on these pages are subject to German copyright law. Duplication, editing, distribution, and any kind of use outside the limits of copyright law require the written consent of the respective author or creator.<br \/><br \/>1. Controller<br \/><br \/>The controller responsible for data processing on this website is:<br \/><br \/>Oanh Thi-Dinh Katava &amp; Mario Katava<br \/><br \/>Put Podvlastica 11a<br \/><br \/>20250 Orebi\u0107, Stankovi\u0107, Croatia<br \/><br \/>Phone: +385 99 8443 659<br \/><br \/>Email: mario@villa-orebic.com<br \/><br \/>2. Collection and Storage of Personal Data and Type and Purpose of Use<br \/><br \/>a) When visiting the website<br \/><br \/>When you visit our website <a href=\"https:\/\/villa-orebic.com\/en\/\">www.villa-orebic.com<\/a>, the browser used on your device automatically sends information to our website\u2019s server. This information is temporarily stored in a so-called log file.<br \/><br \/>The following data is collected and stored until it is automatically deleted:<\/p><ul dir=\"auto\"><li><p>IP address of the requesting computer<\/p><\/li><li><p>Date and time of access<\/p><\/li><li><p>Name and URL of the accessed file<\/p><\/li><li><p>Website from which the access is made (referrer URL)<\/p><\/li><li><p>Browser used, operating system, and the name of your access provider<\/p><\/li><\/ul><p><br \/><br \/><br \/>This data is processed for the following purposes:<\/p><ul dir=\"auto\"><li><p>Ensuring a smooth connection setup of the website<\/p><\/li><li><p>Ensuring convenient use of our website<\/p><\/li><li><p>Evaluation of system security and stability<\/p><\/li><li><p>For administrative purposes<\/p><\/li><\/ul><p>The legal basis for data processing is Art. 6 (1)(f) GDPR. Our legitimate interest follows from the purposes listed above.<br \/><br \/>3. Disclosure of Data<br \/><br \/>Your personal data will not be transferred to third parties for purposes other than those listed below.<br \/><br \/>We only disclose your personal data to third parties if:<\/p><ul dir=\"auto\"><li><p>you have given your express consent (Art. 6 (1)(a) GDPR),<\/p><\/li><li><p>processing is necessary to fulfil a contract with you (Art. 6 (1)(b) GDPR),<\/p><\/li><li><p>there is a legal obligation (Art. 6 (1)(c) GDPR), or<\/p><\/li><li><p>disclosure is necessary for the establishment, exercise, or defence of legal claims (Art. 6 (1)(f) GDPR).<\/p><\/li><\/ul><p>4. Cookies<br \/><br \/>Our website uses cookies. These are small text files stored on your device by your browser. Cookies do not harm your device and contain no viruses.<br \/><br \/>Most of our cookies are \u201csession cookies,\u201d which are automatically deleted after your visit. Other cookies remain stored until you delete them manually.<br \/><br \/>You can configure your browser to inform you about the setting of cookies and to allow cookies only in individual cases.<br \/><br \/>The legal basis is Art. 6 (1)(f) GDPR.<br \/><br \/>5. Contact Form \/ Email Contact<br \/><br \/>If you contact us via email or contact form, the information you provide (including contact details) will be stored for the purpose of processing your inquiry. These data will not be shared without your consent.<br \/><br \/>Processing is carried out in accordance with Art. 6 (1)(b) GDPR (for pre-contractual or contractual purposes).<br \/><br \/>6. Rights of Data Subjects<br \/><br \/>You have the right to:<\/p><ul dir=\"auto\"><li><p>request access to your personal data (Art. 15 GDPR),<\/p><\/li><li><p>request rectification (Art. 16 GDPR),<\/p><\/li><li><p>request erasure (Art. 17 GDPR),<\/p><\/li><li><p>request restriction of processing (Art. 18 GDPR),<\/p><\/li><li><p>request data portability (Art. 20 GDPR),<\/p><\/li><li><p>withdraw consent (Art. 7 (3) GDPR),<\/p><\/li><li><p>lodge a complaint with a supervisory authority (Art. 77 GDPR).<\/p><\/li><\/ul><p>7. Right to Object<br \/><br \/>If your personal data is processed on the basis of Art. 6 (1)(f) GDPR, you have the right to object to the processing at any time (Art. 21 GDPR).<br \/><br \/>8. Data Security<br \/><br \/>We use the SSL (Secure Socket Layer) encryption method during your website visit to protect your data.<br \/><br \/>9. Updates to this Privacy Policy<br \/><br \/>This Privacy Policy is current as of October 2025.<br \/><br \/>We reserve the right to update it to reflect changes in legal requirements or our services.<br \/><br \/><strong>Deutsch:<\/strong><br \/><br \/><b>Angaben gem\u00e4\u00df \u00a7 5 TMG<\/b><b><\/b><br \/><br \/>Oanh Thi-Dinh Katava &amp; Mario Katava<br \/><br \/>Put Podvlastica 11a<br \/><br \/>20250 Orebi\u0107, Stankovi\u0107<br \/><br \/>Kroatien<br \/><br \/><b>Kontakt:<\/b><b><\/b><br \/><br \/>Telefon: +385 99 8443 659<br \/><br \/>E-Mail: mario@villa-orebic.com<br \/><br \/><b>Vertreten durch:<\/b><b><\/b><br \/><br \/>Oanh Thi-Dinh Katava &amp; Mario Katava<br \/><br \/><b>Verantwortlich f\u00fcr den Inhalt nach \u00a7 55 Abs. 2 RStV:<\/b><b><\/b><br \/><br \/>Oanh Thi-Dinh Katava &amp; Mario Katava<br \/><br \/>Put Podvlastica 11a<br \/><br \/>20250 Orebi\u0107, Stankovi\u0107<br \/><br \/>Kroatien<\/p><hr \/><p><b>Haftungsausschluss<\/b><br \/><br \/><b>Haftung f\u00fcr Inhalte<\/b><br \/><br \/>Die Inhalte unserer Seiten wurden mit gr\u00f6\u00dfter Sorgfalt erstellt. F\u00fcr die Richtigkeit, Vollst\u00e4ndigkeit und Aktualit\u00e4t der Inhalte k\u00f6nnen wir jedoch keine Gew\u00e4hr \u00fcbernehmen.<br \/><br \/><b>Haftung f\u00fcr Links<\/b><br \/><br \/>Unser Angebot enth\u00e4lt Links zu externen Websites Dritter, auf deren Inhalte wir keinen Einfluss haben. Deshalb k\u00f6nnen wir f\u00fcr diese fremden Inhalte auch keine Gew\u00e4hr \u00fcbernehmen. F\u00fcr die Inhalte der verlinkten Seiten ist stets der jeweilige Anbieter oder Betreiber der Seiten verantwortlich.<br \/><br \/><b>Urheberrecht<\/b><br \/><br \/>Die durch die Seitenbetreiber erstellten Inhalte und Werke auf diesen Seiten unterliegen dem deutschen Urheberrecht. Die Vervielf\u00e4ltigung, Bearbeitung, Verbreitung und jede Art der Verwertung au\u00dferhalb der Grenzen des Urheberrechts bed\u00fcrfen der schriftlichen Zustimmung des jeweiligen Autors bzw. Erstellers.<\/p><hr \/><p><b>Datenschutzerkl\u00e4rung<\/b><br \/><br \/><b>1. Verantwortlicher<\/b><br \/><br \/>Der Verantwortliche f\u00fcr die Datenverarbeitung auf dieser Website ist:<br \/><br \/>Oanh Thi-Dinh Katava &amp; Mario Katava<br \/><br \/>Put Podvlastica 11a<br \/><br \/>20250 Orebi\u0107, Stankovi\u0107<br \/><br \/>Kroatien<br \/><br \/>Telefon: +385 99 8443 659<br \/><br \/>E-Mail: mario@villa-orebic.com<\/p><hr \/><p><b>2. Erhebung und Speicherung personenbezogener Daten sowie Art und Zweck der Verwendung<\/b><br \/><br \/><b>a) Beim Besuch der Website<\/b><br \/><br \/>Beim Aufrufen unserer Website www.villa-orebic.com \u00fcbermittelt der von Ihnen verwendete Browser automatisch Informationen an den Server unserer Website. Diese Informationen werden tempor\u00e4r in einem sogenannten Logfile gespeichert.<br \/><br \/>Folgende Daten werden dabei ohne Ihr Zutun erfasst und bis zur automatisierten L\u00f6schung gespeichert:<\/p><ul><li><p>IP-Adresse des anfragenden Rechners<\/p><\/li><li><p>Datum und Uhrzeit des Zugriffs<\/p><\/li><li><p>Name und URL der abgerufenen Datei<\/p><\/li><li><p>Website, von der aus der Zugriff erfolgt (Referrer-URL)<\/p><\/li><li><p>verwendeter Browser, Betriebssystem sowie Name Ihres Access-Providers<\/p><\/li><\/ul><p>Diese Daten werden verarbeitet zu folgenden Zwecken:<\/p><ul><li><p>Gew\u00e4hrleistung eines reibungslosen Verbindungsaufbaus<\/p><\/li><li><p>Gew\u00e4hrleistung einer komfortablen Nutzung unserer Website<\/p><\/li><li><p>Auswertung der Systemsicherheit und -stabilit\u00e4t<\/p><\/li><li><p>weitere administrative Zwecke<\/p><\/li><\/ul><p>Rechtsgrundlage ist Art. 6 Abs. 1 lit. f DSGVO. Unser berechtigtes Interesse folgt aus den oben genannten Zwecken der Datenerhebung.<\/p><hr \/><p><b>3. Weitergabe von Daten<\/b><br \/><br \/>Eine \u00dcbermittlung Ihrer pers\u00f6nlichen Daten an Dritte findet grunds\u00e4tzlich nicht statt, au\u00dfer:<\/p><ul><li><p>Sie haben ausdr\u00fccklich eingewilligt (Art. 6 Abs. 1 lit. a DSGVO)<\/p><\/li><li><p>die Verarbeitung ist zur Vertragserf\u00fcllung erforderlich (Art. 6 Abs. 1 lit. b DSGVO)<\/p><\/li><li><p>es besteht eine gesetzliche Verpflichtung (Art. 6 Abs. 1 lit. c DSGVO)<\/p><\/li><li><p>die Weitergabe ist zur Geltendmachung, Aus\u00fcbung oder Verteidigung von Rechtsanspr\u00fcchen erforderlich (Art. 6 Abs. 1 lit. f DSGVO)<\/p><\/li><\/ul><hr \/><p><b>4. Cookies<\/b><br \/><br \/>Unsere Website verwendet Cookies. Dabei handelt es sich um kleine Textdateien, die auf Ihrem Endger\u00e4t gespeichert werden und keinen Schaden anrichten.<br \/><br \/>Die meisten Cookies sind \u201eSession-Cookies\u201c, die nach dem Besuch automatisch gel\u00f6scht werden. Andere Cookies bleiben gespeichert, bis Sie diese manuell l\u00f6schen.<br \/><br \/>Sie k\u00f6nnen Ihren Browser so einstellen, dass Sie \u00fcber das Setzen von Cookies informiert werden und Cookies nur im Einzelfall erlauben.<br \/><br \/>Rechtsgrundlage daf\u00fcr ist Art. 6 Abs. 1 lit. f DSGVO.<\/p><hr \/><p><b>5. Kontaktformular \/ E-Mail-Kontakt<\/b><br \/><br \/>Wenn Sie uns per E-Mail oder \u00fcber das Kontaktformular kontaktieren, werden Ihre Angaben (inklusive der von Ihnen angegebenen Kontaktdaten) zum Zweck der Bearbeitung Ihrer Anfrage gespeichert. Eine Weitergabe erfolgt nicht ohne Ihre Zustimmung.<br \/><br \/>Die Verarbeitung erfolgt gem\u00e4\u00df Art. 6 Abs. 1 lit. b DSGVO (vorvertragliche oder vertragliche Ma\u00dfnahmen).<\/p><hr \/><p><b>6. Rechte der betroffenen Personen<\/b><br \/><br \/>Sie haben das Recht auf:<\/p><ul><li><p>Auskunft \u00fcber die gespeicherten Daten (Art. 15 DSGVO)<\/p><\/li><li><p>Berichtigung (Art. 16 DSGVO)<\/p><\/li><li><p>L\u00f6schung (Art. 17 DSGVO)<\/p><\/li><li><p>Einschr\u00e4nkung der Verarbeitung (Art. 18 DSGVO)<\/p><\/li><li><p>Daten\u00fcbertragbarkeit (Art. 20 DSGVO)<\/p><\/li><li><p>Widerruf erteilter Einwilligungen (Art. 7 Abs. 3 DSGVO)<\/p><\/li><li><p>Beschwerde bei einer Aufsichtsbeh\u00f6rde (Art. 77 DSGVO)<\/p><\/li><\/ul><hr \/><p><b>7. Widerspruchsrecht<\/b><br \/><br \/>Wenn Ihre Daten auf Grundlage von Art. 6 Abs. 1 lit. f DSGVO verarbeitet werden, haben Sie das Recht, jederzeit Widerspruch gegen die Verarbeitung einzulegen (Art. 21 DSGVO).<\/p><hr \/><p><b>8. Datensicherheit<\/b><br \/><br \/>Wir verwenden w\u00e4hrend des Website-Besuchs das verbreitete SSL-Verschl\u00fcsselungsverfahren, um Ihre Daten zu sch\u00fctzen.<\/p><hr \/><p><b>9. Aktualit\u00e4t und \u00c4nderung dieser Datenschutzerkl\u00e4rung<\/b><br \/><br \/>Diese Datenschutzerkl\u00e4rung ist aktuell g\u00fcltig (Stand: Oktober 2025).<br \/><br \/>Wir behalten uns vor, sie anzupassen, um ge\u00e4nderte gesetzliche Vorgaben oder \u00c4nderungen unserer Services zu ber\u00fccksichtigen.<\/p>\t\t\t\t\t\t\t\t<\/div>\n\t\t\t\t<div class=\"elementor-element elementor-element-abb938a elementor-mobile-align-center elementor-invisible elementor-widget elementor-widget-button\" data-id=\"abb938a\" data-element_type=\"widget\" data-settings=\"{&quot;_animation&quot;:&quot;fadeInUp&quot;,&quot;_animation_delay&quot;:&quot;200&quot;}\" data-widget_type=\"button.default\">\n\t\t\t\t\t\t\t\t\t\t<a class=\"elementor-button elementor-button-link elementor-size-sm\" href=\"https:\/\/villa-orebic.com\/en\/\">\n\t\t\t\t\t\t<span class=\"elementor-button-content-wrapper\">\n\t\t\t\t\t\t\t\t\t<span class=\"elementor-button-text\">Zur\u00fcck<\/span>\n\t\t\t\t\t<\/span>\n\t\t\t\t\t<\/a>\n\t\t\t\t\t\t\t\t<\/div>\n\t\t\t\t\t<\/div>\n\t\t\t\t<\/div>\n\t\t\t\t<\/div>","protected":false},"excerpt":{"rendered":"<p>Impressionen Impressum Information according to \u00a7 5 TMG Oanh Thi-Dinh Katava &amp; Mario Katava Put Podvlastica 11a 20250 Orebi\u0107, Stankovi\u0107 Croatia Contact: [&hellip;]<\/p>","protected":false},"author":1,"featured_media":0,"parent":0,"menu_order":0,"comment_status":"closed","ping_status":"closed","template":"","meta":{"footnotes":""},"class_list":["post-265","page","type-page","status-publish","hentry"],"_hostinger_reach_plugin_has_subscription_block":false,"_hostinger_reach_plugin_is_elementor":false,"_links":{"self":[{"href":"https:\/\/villa-orebic.com\/en\/wp-json\/wp\/v2\/pages\/265","targetHints":{"allow":["GET"]}}],"collection":[{"href":"https:\/\/villa-orebic.com\/en\/wp-json\/wp\/v2\/pages"}],"about":[{"href":"https:\/\/villa-orebic.com\/en\/wp-json\/wp\/v2\/types\/page"}],"author":[{"embeddable":true,"href":"https:\/\/villa-orebic.com\/en\/wp-json\/wp\/v2\/users\/1"}],"replies":[{"embeddable":true,"href":"https:\/\/villa-orebic.com\/en\/wp-json\/wp\/v2\/comments?post=265"}],"version-history":[{"count":13,"href":"https:\/\/villa-orebic.com\/en\/wp-json\/wp\/v2\/pages\/265\/revisions"}],"predecessor-version":[{"id":278,"href":"https:\/\/villa-orebic.com\/en\/wp-json\/wp\/v2\/pages\/265\/revisions\/278"}],"wp:attachment":[{"href":"https:\/\/villa-orebic.com\/en\/wp-json\/wp\/v2\/media?parent=265"}],"curies":[{"name":"wp","href":"https:\/\/api.w.org\/{rel}","templated":true}]}}